{"id":865,"date":"2017-04-13T15:32:51","date_gmt":"2017-04-13T14:32:51","guid":{"rendered":"http:\/\/fotogruppe-bayreuth.de\/?page_id=865"},"modified":"2017-04-19T13:46:21","modified_gmt":"2017-04-19T12:46:21","slug":"angelika-ziegler","status":"publish","type":"page","link":"http:\/\/fotogruppe-bayreuth.de\/index.php\/ueber-uns\/angelika-ziegler\/","title":{"rendered":"Angelika Ziegler"},"content":{"rendered":"<p><a href=\"http:\/\/fotogruppe-bayreuth.de\/wp-content\/uploads\/2017\/04\/1-1.jpg\"><img loading=\"lazy\" decoding=\"async\" src=\"http:\/\/fotogruppe-bayreuth.de\/wp-content\/uploads\/2017\/04\/1-1-300x225.jpg\" alt=\"\" width=\"300\" height=\"225\" class=\"alignnone size-medium wp-image-884\" srcset=\"http:\/\/fotogruppe-bayreuth.de\/wp-content\/uploads\/2017\/04\/1-1-300x225.jpg 300w, http:\/\/fotogruppe-bayreuth.de\/wp-content\/uploads\/2017\/04\/1-1-768x576.jpg 768w, http:\/\/fotogruppe-bayreuth.de\/wp-content\/uploads\/2017\/04\/1-1-1024x768.jpg 1024w, http:\/\/fotogruppe-bayreuth.de\/wp-content\/uploads\/2017\/04\/1-1-200x150.jpg 200w, http:\/\/fotogruppe-bayreuth.de\/wp-content\/uploads\/2017\/04\/1-1.jpg 1200w\" sizes=\"auto, (max-width: 300px) 100vw, 300px\" \/><\/a><\/p>\n<p>Angelika Ziegler<\/p>\n<p>Fotografische Laufbahn und Ausr\u00fcstung<\/p>\n<p>Fr\u00fcher habe ich mit einer analogen Spiegelreflex Canon T70 fotografiert, dann gab es eine lange Pause. Den Wiedereintritt in die Fotografie, nun in die digitale Welt, machte eine Bridge-Kamera, die Lumix FZ38, die f\u00fcr kleinere Ausfl\u00fcge auch gut zum Mitnehmen geeignet ist. Auf l\u00e4ngeren Reisen begleitet mich aber eine Canon EOS 70 mit dem Zoomobjektiv 18-135mm. <\/p>\n<p>Lieblingsmotive und Schwerpunkt:<\/p>\n<p>Natur- und Reisefotografie. Eine bestimmte Stimmung einzufangen und in einem Bild umzusetzen, wird wohl eine lebenslange Herausforderung sein, der ich mich aber gern immer wieder stelle.<br \/>\n\n\t\t<style type=\"text\/css\">\n\t\t\t#gallery-1 {\n\t\t\t\tmargin: auto;\n\t\t\t}\n\t\t\t#gallery-1 .gallery-item {\n\t\t\t\tfloat: left;\n\t\t\t\tmargin-top: 10px;\n\t\t\t\ttext-align: center;\n\t\t\t\twidth: 33%;\n\t\t\t}\n\t\t\t#gallery-1 img {\n\t\t\t\tborder: 2px solid #cfcfcf;\n\t\t\t}\n\t\t\t#gallery-1 .gallery-caption {\n\t\t\t\tmargin-left: 0;\n\t\t\t}\n\t\t\t\/* see gallery_shortcode() in wp-includes\/media.php *\/\n\t\t<\/style>\n\t\t<div id='gallery-1' class='gallery galleryid-865 gallery-columns-3 gallery-size-thumbnail'><dl class='gallery-item'>\n\t\t\t<dt class='gallery-icon landscape'>\n\t\t\t\t<a title=\"IMG_6033a\" href='http:\/\/fotogruppe-bayreuth.de\/wp-content\/uploads\/2017\/04\/IMG_6033a.jpg'><img loading=\"lazy\" decoding=\"async\" width=\"150\" height=\"150\" src=\"http:\/\/fotogruppe-bayreuth.de\/wp-content\/uploads\/2017\/04\/IMG_6033a-150x150.jpg\" class=\"attachment-thumbnail size-thumbnail\" alt=\"\" \/><\/a>\n\t\t\t<\/dt><\/dl><dl class='gallery-item'>\n\t\t\t<dt class='gallery-icon landscape'>\n\t\t\t\t<a title=\"1a\" href='http:\/\/fotogruppe-bayreuth.de\/wp-content\/uploads\/2017\/04\/1a.jpg'><img loading=\"lazy\" decoding=\"async\" width=\"150\" height=\"150\" src=\"http:\/\/fotogruppe-bayreuth.de\/wp-content\/uploads\/2017\/04\/1a-150x150.jpg\" class=\"attachment-thumbnail size-thumbnail\" alt=\"\" \/><\/a>\n\t\t\t<\/dt><\/dl><dl class='gallery-item'>\n\t\t\t<dt class='gallery-icon landscape'>\n\t\t\t\t<a title=\"2\" href='http:\/\/fotogruppe-bayreuth.de\/wp-content\/uploads\/2017\/04\/2.jpg'><img loading=\"lazy\" decoding=\"async\" width=\"150\" height=\"150\" src=\"http:\/\/fotogruppe-bayreuth.de\/wp-content\/uploads\/2017\/04\/2-150x150.jpg\" class=\"attachment-thumbnail size-thumbnail\" alt=\"\" \/><\/a>\n\t\t\t<\/dt><\/dl><br style=\"clear: both\" \/><dl class='gallery-item'>\n\t\t\t<dt class='gallery-icon landscape'>\n\t\t\t\t<a title=\"3\" href='http:\/\/fotogruppe-bayreuth.de\/wp-content\/uploads\/2017\/04\/3.jpg'><img loading=\"lazy\" decoding=\"async\" width=\"150\" height=\"150\" src=\"http:\/\/fotogruppe-bayreuth.de\/wp-content\/uploads\/2017\/04\/3-150x150.jpg\" class=\"attachment-thumbnail size-thumbnail\" alt=\"\" \/><\/a>\n\t\t\t<\/dt><\/dl><dl class='gallery-item'>\n\t\t\t<dt class='gallery-icon landscape'>\n\t\t\t\t<a title=\"4\" href='http:\/\/fotogruppe-bayreuth.de\/wp-content\/uploads\/2017\/04\/4.jpg'><img loading=\"lazy\" decoding=\"async\" width=\"150\" height=\"150\" src=\"http:\/\/fotogruppe-bayreuth.de\/wp-content\/uploads\/2017\/04\/4-150x150.jpg\" class=\"attachment-thumbnail size-thumbnail\" alt=\"\" \/><\/a>\n\t\t\t<\/dt><\/dl><dl class='gallery-item'>\n\t\t\t<dt class='gallery-icon landscape'>\n\t\t\t\t<a title=\"5\" href='http:\/\/fotogruppe-bayreuth.de\/wp-content\/uploads\/2017\/04\/5.jpg'><img loading=\"lazy\" decoding=\"async\" width=\"150\" height=\"150\" src=\"http:\/\/fotogruppe-bayreuth.de\/wp-content\/uploads\/2017\/04\/5-150x150.jpg\" class=\"attachment-thumbnail size-thumbnail\" alt=\"\" \/><\/a>\n\t\t\t<\/dt><\/dl><br style=\"clear: both\" \/><dl class='gallery-item'>\n\t\t\t<dt class='gallery-icon landscape'>\n\t\t\t\t<a title=\"6\" href='http:\/\/fotogruppe-bayreuth.de\/wp-content\/uploads\/2017\/04\/6.jpg'><img loading=\"lazy\" decoding=\"async\" width=\"150\" height=\"150\" src=\"http:\/\/fotogruppe-bayreuth.de\/wp-content\/uploads\/2017\/04\/6-150x150.jpg\" class=\"attachment-thumbnail size-thumbnail\" alt=\"\" \/><\/a>\n\t\t\t<\/dt><\/dl><dl class='gallery-item'>\n\t\t\t<dt class='gallery-icon landscape'>\n\t\t\t\t<a title=\"7\" href='http:\/\/fotogruppe-bayreuth.de\/wp-content\/uploads\/2017\/04\/7.jpg'><img loading=\"lazy\" decoding=\"async\" width=\"150\" height=\"150\" src=\"http:\/\/fotogruppe-bayreuth.de\/wp-content\/uploads\/2017\/04\/7-150x150.jpg\" class=\"attachment-thumbnail size-thumbnail\" alt=\"\" \/><\/a>\n\t\t\t<\/dt><\/dl><dl class='gallery-item'>\n\t\t\t<dt class='gallery-icon portrait'>\n\t\t\t\t<a title=\"8\" href='http:\/\/fotogruppe-bayreuth.de\/wp-content\/uploads\/2017\/04\/8.jpg'><img loading=\"lazy\" decoding=\"async\" width=\"150\" height=\"150\" src=\"http:\/\/fotogruppe-bayreuth.de\/wp-content\/uploads\/2017\/04\/8-150x150.jpg\" class=\"attachment-thumbnail size-thumbnail\" alt=\"\" \/><\/a>\n\t\t\t<\/dt><\/dl><br style=\"clear: both\" \/><dl class='gallery-item'>\n\t\t\t<dt class='gallery-icon landscape'>\n\t\t\t\t<a title=\"9\" href='http:\/\/fotogruppe-bayreuth.de\/wp-content\/uploads\/2017\/04\/9.jpg'><img loading=\"lazy\" decoding=\"async\" width=\"150\" height=\"150\" src=\"http:\/\/fotogruppe-bayreuth.de\/wp-content\/uploads\/2017\/04\/9-150x150.jpg\" class=\"attachment-thumbnail size-thumbnail\" alt=\"\" \/><\/a>\n\t\t\t<\/dt><\/dl><dl class='gallery-item'>\n\t\t\t<dt class='gallery-icon landscape'>\n\t\t\t\t<a title=\"10\" href='http:\/\/fotogruppe-bayreuth.de\/wp-content\/uploads\/2017\/04\/10.jpg'><img loading=\"lazy\" decoding=\"async\" width=\"150\" height=\"150\" src=\"http:\/\/fotogruppe-bayreuth.de\/wp-content\/uploads\/2017\/04\/10-150x150.jpg\" class=\"attachment-thumbnail size-thumbnail\" alt=\"\" \/><\/a>\n\t\t\t<\/dt><\/dl><dl class='gallery-item'>\n\t\t\t<dt class='gallery-icon landscape'>\n\t\t\t\t<a title=\"11\" href='http:\/\/fotogruppe-bayreuth.de\/wp-content\/uploads\/2017\/04\/11.jpg'><img loading=\"lazy\" decoding=\"async\" width=\"150\" height=\"150\" src=\"http:\/\/fotogruppe-bayreuth.de\/wp-content\/uploads\/2017\/04\/11-150x150.jpg\" class=\"attachment-thumbnail size-thumbnail\" alt=\"\" \/><\/a>\n\t\t\t<\/dt><\/dl><br style=\"clear: both\" \/><dl class='gallery-item'>\n\t\t\t<dt class='gallery-icon landscape'>\n\t\t\t\t<a title=\"12\" href='http:\/\/fotogruppe-bayreuth.de\/wp-content\/uploads\/2017\/04\/12.jpg'><img loading=\"lazy\" decoding=\"async\" width=\"150\" height=\"150\" src=\"http:\/\/fotogruppe-bayreuth.de\/wp-content\/uploads\/2017\/04\/12-150x150.jpg\" class=\"attachment-thumbnail size-thumbnail\" alt=\"\" \/><\/a>\n\t\t\t<\/dt><\/dl><dl class='gallery-item'>\n\t\t\t<dt class='gallery-icon landscape'>\n\t\t\t\t<a title=\"13\" href='http:\/\/fotogruppe-bayreuth.de\/wp-content\/uploads\/2017\/04\/13.jpg'><img loading=\"lazy\" decoding=\"async\" width=\"150\" height=\"150\" src=\"http:\/\/fotogruppe-bayreuth.de\/wp-content\/uploads\/2017\/04\/13-150x150.jpg\" class=\"attachment-thumbnail size-thumbnail\" alt=\"\" \/><\/a>\n\t\t\t<\/dt><\/dl><dl class='gallery-item'>\n\t\t\t<dt class='gallery-icon landscape'>\n\t\t\t\t<a title=\"14\" href='http:\/\/fotogruppe-bayreuth.de\/wp-content\/uploads\/2017\/04\/14.jpg'><img loading=\"lazy\" decoding=\"async\" width=\"150\" height=\"150\" src=\"http:\/\/fotogruppe-bayreuth.de\/wp-content\/uploads\/2017\/04\/14-150x150.jpg\" class=\"attachment-thumbnail size-thumbnail\" alt=\"\" \/><\/a>\n\t\t\t<\/dt><\/dl><br style=\"clear: both\" \/><dl class='gallery-item'>\n\t\t\t<dt class='gallery-icon landscape'>\n\t\t\t\t<a title=\"IMG_3037a\" href='http:\/\/fotogruppe-bayreuth.de\/wp-content\/uploads\/2017\/04\/IMG_3037a.jpg'><img loading=\"lazy\" decoding=\"async\" width=\"150\" height=\"150\" src=\"http:\/\/fotogruppe-bayreuth.de\/wp-content\/uploads\/2017\/04\/IMG_3037a-150x150.jpg\" class=\"attachment-thumbnail size-thumbnail\" alt=\"\" \/><\/a>\n\t\t\t<\/dt><\/dl>\n\t\t\t<br style='clear: both' \/>\n\t\t<\/div>\n<\/p>\n","protected":false},"excerpt":{"rendered":"<p>Angelika Ziegler Fotografische Laufbahn und Ausr\u00fcstung Fr\u00fcher habe ich mit einer analogen Spiegelreflex Canon T70 fotografiert, dann gab es eine lange Pause. Den Wiedereintritt in die Fotografie, nun in die digitale Welt, machte eine Bridge-Kamera, die Lumix FZ38, die f\u00fcr kleinere Ausfl\u00fcge auch gut zum Mitnehmen geeignet ist. Auf l\u00e4ngeren Reisen begleitet mich aber eine [&hellip;]<\/p>\n","protected":false},"author":4,"featured_media":866,"parent":2,"menu_order":0,"comment_status":"closed","ping_status":"closed","template":"","meta":{"footnotes":""},"class_list":["post-865","page","type-page","status-publish","has-post-thumbnail","hentry"],"aioseo_notices":[],"_links":{"self":[{"href":"http:\/\/fotogruppe-bayreuth.de\/index.php\/wp-json\/wp\/v2\/pages\/865","targetHints":{"allow":["GET"]}}],"collection":[{"href":"http:\/\/fotogruppe-bayreuth.de\/index.php\/wp-json\/wp\/v2\/pages"}],"about":[{"href":"http:\/\/fotogruppe-bayreuth.de\/index.php\/wp-json\/wp\/v2\/types\/page"}],"author":[{"embeddable":true,"href":"http:\/\/fotogruppe-bayreuth.de\/index.php\/wp-json\/wp\/v2\/users\/4"}],"replies":[{"embeddable":true,"href":"http:\/\/fotogruppe-bayreuth.de\/index.php\/wp-json\/wp\/v2\/comments?post=865"}],"version-history":[{"count":3,"href":"http:\/\/fotogruppe-bayreuth.de\/index.php\/wp-json\/wp\/v2\/pages\/865\/revisions"}],"predecessor-version":[{"id":889,"href":"http:\/\/fotogruppe-bayreuth.de\/index.php\/wp-json\/wp\/v2\/pages\/865\/revisions\/889"}],"up":[{"embeddable":true,"href":"http:\/\/fotogruppe-bayreuth.de\/index.php\/wp-json\/wp\/v2\/pages\/2"}],"wp:featuredmedia":[{"embeddable":true,"href":"http:\/\/fotogruppe-bayreuth.de\/index.php\/wp-json\/wp\/v2\/media\/866"}],"wp:attachment":[{"href":"http:\/\/fotogruppe-bayreuth.de\/index.php\/wp-json\/wp\/v2\/media?parent=865"}],"curies":[{"name":"wp","href":"https:\/\/api.w.org\/{rel}","templated":true}]}}