{"id":840,"date":"2017-04-10T18:06:03","date_gmt":"2017-04-10T17:06:03","guid":{"rendered":"http:\/\/fotogruppe-bayreuth.de\/?page_id=840"},"modified":"2017-04-10T18:06:03","modified_gmt":"2017-04-10T17:06:03","slug":"historie","status":"publish","type":"page","link":"http:\/\/fotogruppe-bayreuth.de\/index.php\/historie\/","title":{"rendered":"Historie"},"content":{"rendered":"<p>Seit \u00fcber 40 Jahren existiert die Fotogruppe Bayreuth. In diesen vier Jahrzehnten gab es viele Fotoshootings und Ausfl\u00fcge, Ausstellungen und Fotoabende. Auf dieser Seite stellen wir unsere Historie vor &#8211; und freuen uns darauf, die n\u00e4chsten Jahrzehnte gemeinsam zu gestalten.<\/p>\n<p><strong>Die Gr\u00fcndung<\/strong><br \/>\nAm 12. November 1974 wurde die Freie Fotogruppe Bayreuth gegr\u00fcndet.<\/p>\n<p><strong>Publikationen<a href=\"http:\/\/fotogruppe-bayreuth.de\/wp-content\/uploads\/2013\/12\/historie-01.jpg\"><img loading=\"lazy\" decoding=\"async\" class=\"alignright size-thumbnail wp-image-150\" src=\"http:\/\/fotogruppe-bayreuth.de\/wp-content\/uploads\/2013\/12\/historie-01-150x150.jpg\" alt=\"historie-01\" width=\"150\" height=\"150\" \/><\/a>\u00a0\u00a0\u00a0\u00a0\u00a0\u00a0\u00a0<\/strong><\/p>\n<ul>\n<li>1962 Dokumentation des Internationalen Jugendfestspieltreffen Bayreuth<\/li>\n<li>1983 Jahreskalender &#8222;T\u00fcren und Portale&#8220; f\u00fcr die Druckerei M\u00fcnch Bayreuth<\/li>\n<li>1989 Jahreschronik Bayreuth &#8211; Autor Bernd Mayer<\/li>\n<li>2001 Fotoband \u00fcber die Gedenkst\u00e4tte Buchenwald mit Fotoclub Lauterbach und Fotozirkel Rudolstadt<\/li>\n<\/ul>\n<p><strong>Verbindungen<\/strong><\/p>\n<ul>\n<li>Fotoclub Lauterbach in Hessen<\/li>\n<li>Fotozirkel Rudolstadt in Th\u00fcringen, Bayreuths Partnerstadt<\/li>\n<\/ul>\n<p><strong>Die gr\u00f6\u00dften Ausstellungen<\/strong><\/p>\n\n\t\t<style type=\"text\/css\">\n\t\t\t#gallery-1 {\n\t\t\t\tmargin: auto;\n\t\t\t}\n\t\t\t#gallery-1 .gallery-item {\n\t\t\t\tfloat: left;\n\t\t\t\tmargin-top: 10px;\n\t\t\t\ttext-align: center;\n\t\t\t\twidth: 33%;\n\t\t\t}\n\t\t\t#gallery-1 img {\n\t\t\t\tborder: 2px solid #cfcfcf;\n\t\t\t}\n\t\t\t#gallery-1 .gallery-caption {\n\t\t\t\tmargin-left: 0;\n\t\t\t}\n\t\t\t\/* see gallery_shortcode() in wp-includes\/media.php *\/\n\t\t<\/style>\n\t\t<div id='gallery-1' class='gallery galleryid-840 gallery-columns-3 gallery-size-thumbnail'><dl class='gallery-item'>\n\t\t\t<dt class='gallery-icon portrait'>\n\t\t\t\t<a title=\"\" href='http:\/\/fotogruppe-bayreuth.de\/index.php\/ueber-uns\/historie-02\/'><img loading=\"lazy\" decoding=\"async\" width=\"150\" height=\"150\" src=\"http:\/\/fotogruppe-bayreuth.de\/wp-content\/uploads\/2013\/12\/historie-02-150x150.jpg\" class=\"attachment-thumbnail size-thumbnail\" alt=\"\" aria-describedby=\"gallery-1-151\" \/><\/a>\n\t\t\t<\/dt>\n\t\t\t\t<dd class='wp-caption-text gallery-caption' id='gallery-1-151'>\n\t\t\t\t1987: Fr\u00e4nkische Landschaften im Neuen Rathaus Bayreuth \n\t\t\t\t<\/dd><\/dl><dl class='gallery-item'>\n\t\t\t<dt class='gallery-icon landscape'>\n\t\t\t\t<a title=\"historie-03\" href='http:\/\/fotogruppe-bayreuth.de\/index.php\/ueber-uns\/historie-03\/'><img loading=\"lazy\" decoding=\"async\" width=\"150\" height=\"150\" src=\"http:\/\/fotogruppe-bayreuth.de\/wp-content\/uploads\/2013\/12\/historie-03-150x150.jpg\" class=\"attachment-thumbnail size-thumbnail\" alt=\"\" aria-describedby=\"gallery-1-152\" \/><\/a>\n\t\t\t<\/dt>\n\t\t\t\t<dd class='wp-caption-text gallery-caption' id='gallery-1-152'>\n\t\t\t\t1994: Lebenslinien in der BAT Casinogalerie\n\t\t\t\t<\/dd><\/dl><dl class='gallery-item'>\n\t\t\t<dt class='gallery-icon portrait'>\n\t\t\t\t<a title=\"historie-04\" href='http:\/\/fotogruppe-bayreuth.de\/index.php\/ueber-uns\/historie-04\/'><img loading=\"lazy\" decoding=\"async\" width=\"150\" height=\"150\" src=\"http:\/\/fotogruppe-bayreuth.de\/wp-content\/uploads\/2013\/12\/historie-04-150x150.jpg\" class=\"attachment-thumbnail size-thumbnail\" alt=\"\" aria-describedby=\"gallery-1-153\" \/><\/a>\n\t\t\t<\/dt>\n\t\t\t\t<dd class='wp-caption-text gallery-caption' id='gallery-1-153'>\n\t\t\t\t2007: Wandel der Jahreszeiten im \u00d6BG \u00d6kologisch-Botanischer Garten der UNI Bayreuth\n\t\t\t\t<\/dd><\/dl><br style=\"clear: both\" \/><dl class='gallery-item'>\n\t\t\t<dt class='gallery-icon landscape'>\n\t\t\t\t<a title=\"historie-05\" href='http:\/\/fotogruppe-bayreuth.de\/index.php\/ueber-uns\/historie-05\/'><img loading=\"lazy\" decoding=\"async\" width=\"150\" height=\"150\" src=\"http:\/\/fotogruppe-bayreuth.de\/wp-content\/uploads\/2013\/12\/historie-05-150x150.png\" class=\"attachment-thumbnail size-thumbnail\" alt=\"\" aria-describedby=\"gallery-1-154\" \/><\/a>\n\t\t\t<\/dt>\n\t\t\t\t<dd class='wp-caption-text gallery-caption' id='gallery-1-154'>\n\t\t\t\t2007: Jazz November Das ZENTRUM Bayreuth\n\t\t\t\t<\/dd><\/dl>\n\t\t\t<br style='clear: both' \/>\n\t\t<\/div>\n\n<p><strong>Unsere Ausfl\u00fcge &#8211; einige Impressionen<\/strong><\/p>\n\n\t\t<style type=\"text\/css\">\n\t\t\t#gallery-2 {\n\t\t\t\tmargin: auto;\n\t\t\t}\n\t\t\t#gallery-2 .gallery-item {\n\t\t\t\tfloat: left;\n\t\t\t\tmargin-top: 10px;\n\t\t\t\ttext-align: center;\n\t\t\t\twidth: 33%;\n\t\t\t}\n\t\t\t#gallery-2 img {\n\t\t\t\tborder: 2px solid #cfcfcf;\n\t\t\t}\n\t\t\t#gallery-2 .gallery-caption {\n\t\t\t\tmargin-left: 0;\n\t\t\t}\n\t\t\t\/* see gallery_shortcode() in wp-includes\/media.php *\/\n\t\t<\/style>\n\t\t<div id='gallery-2' class='gallery galleryid-840 gallery-columns-3 gallery-size-thumbnail'><dl class='gallery-item'>\n\t\t\t<dt class='gallery-icon landscape'>\n\t\t\t\t<a title=\"historie-07\" href='http:\/\/fotogruppe-bayreuth.de\/wp-content\/uploads\/2013\/12\/historie-07.jpg'><img loading=\"lazy\" decoding=\"async\" width=\"150\" height=\"150\" src=\"http:\/\/fotogruppe-bayreuth.de\/wp-content\/uploads\/2013\/12\/historie-07-150x150.jpg\" class=\"attachment-thumbnail size-thumbnail\" alt=\"\" aria-describedby=\"gallery-2-156\" \/><\/a>\n\t\t\t<\/dt>\n\t\t\t\t<dd class='wp-caption-text gallery-caption' id='gallery-2-156'>\n\t\t\t\t1998 \u2013 Kaiserstuhl und Elsass\n\t\t\t\t<\/dd><\/dl><dl class='gallery-item'>\n\t\t\t<dt class='gallery-icon landscape'>\n\t\t\t\t<a title=\"historie-06\" href='http:\/\/fotogruppe-bayreuth.de\/wp-content\/uploads\/2013\/12\/historie-06.jpg'><img loading=\"lazy\" decoding=\"async\" width=\"150\" height=\"150\" src=\"http:\/\/fotogruppe-bayreuth.de\/wp-content\/uploads\/2013\/12\/historie-06-150x150.jpg\" class=\"attachment-thumbnail size-thumbnail\" alt=\"\" aria-describedby=\"gallery-2-155\" \/><\/a>\n\t\t\t<\/dt>\n\t\t\t\t<dd class='wp-caption-text gallery-caption' id='gallery-2-155'>\n\t\t\t\t1991 \u2013 Im Spreewald\n\t\t\t\t<\/dd><\/dl><dl class='gallery-item'>\n\t\t\t<dt class='gallery-icon landscape'>\n\t\t\t\t<a title=\"\" href='http:\/\/fotogruppe-bayreuth.de\/wp-content\/uploads\/2013\/12\/090808-.jpg'><img loading=\"lazy\" decoding=\"async\" width=\"150\" height=\"150\" src=\"http:\/\/fotogruppe-bayreuth.de\/wp-content\/uploads\/2013\/12\/090808--150x150.jpg\" class=\"attachment-thumbnail size-thumbnail\" alt=\"\" aria-describedby=\"gallery-2-206\" \/><\/a>\n\t\t\t<\/dt>\n\t\t\t\t<dd class='wp-caption-text gallery-caption' id='gallery-2-206'>\n\t\t\t\t2009 &#8211; Naumburg\n\t\t\t\t<\/dd><\/dl><br style=\"clear: both\" \/><dl class='gallery-item'>\n\t\t\t<dt class='gallery-icon landscape'>\n\t\t\t\t<a title=\"\" href='http:\/\/fotogruppe-bayreuth.de\/wp-content\/uploads\/2013\/12\/090808-207.jpg'><img loading=\"lazy\" decoding=\"async\" width=\"150\" height=\"150\" src=\"http:\/\/fotogruppe-bayreuth.de\/wp-content\/uploads\/2013\/12\/090808-207-150x150.jpg\" class=\"attachment-thumbnail size-thumbnail\" alt=\"\" aria-describedby=\"gallery-2-207\" \/><\/a>\n\t\t\t<\/dt>\n\t\t\t\t<dd class='wp-caption-text gallery-caption' id='gallery-2-207'>\n\t\t\t\t2009 &#8211; Naumburg\n\t\t\t\t<\/dd><\/dl><dl class='gallery-item'>\n\t\t\t<dt class='gallery-icon portrait'>\n\t\t\t\t<a title=\"historie-08\" href='http:\/\/fotogruppe-bayreuth.de\/wp-content\/uploads\/2013\/12\/historie-08.jpg'><img loading=\"lazy\" decoding=\"async\" width=\"150\" height=\"150\" src=\"http:\/\/fotogruppe-bayreuth.de\/wp-content\/uploads\/2013\/12\/historie-08-150x150.jpg\" class=\"attachment-thumbnail size-thumbnail\" alt=\"\" aria-describedby=\"gallery-2-157\" \/><\/a>\n\t\t\t<\/dt>\n\t\t\t\t<dd class='wp-caption-text gallery-caption' id='gallery-2-157'>\n\t\t\t\t2011 \u2013 Regensburg\n\t\t\t\t<\/dd><\/dl><dl class='gallery-item'>\n\t\t\t<dt class='gallery-icon landscape'>\n\t\t\t\t<a title=\"\" href='http:\/\/fotogruppe-bayreuth.de\/wp-content\/uploads\/2013\/12\/DSC_9181.jpg'><img loading=\"lazy\" decoding=\"async\" width=\"150\" height=\"150\" src=\"http:\/\/fotogruppe-bayreuth.de\/wp-content\/uploads\/2013\/12\/DSC_9181-150x150.jpg\" class=\"attachment-thumbnail size-thumbnail\" alt=\"\" aria-describedby=\"gallery-2-161\" \/><\/a>\n\t\t\t<\/dt>\n\t\t\t\t<dd class='wp-caption-text gallery-caption' id='gallery-2-161'>\n\t\t\t\t2013 &#8211; Sommergrillen \n\t\t\t\t<\/dd><\/dl><br style=\"clear: both\" \/>\n\t\t<\/div>\n\n","protected":false},"excerpt":{"rendered":"<p>Seit \u00fcber 40 Jahren existiert die Fotogruppe Bayreuth. In diesen vier Jahrzehnten gab es viele Fotoshootings und Ausfl\u00fcge, Ausstellungen und Fotoabende. Auf dieser Seite stellen wir unsere Historie vor &#8211; und freuen uns darauf, die n\u00e4chsten Jahrzehnte gemeinsam zu gestalten. Die Gr\u00fcndung Am 12. November 1974 wurde die Freie Fotogruppe Bayreuth gegr\u00fcndet. Publikationen\u00a0\u00a0\u00a0\u00a0\u00a0\u00a0\u00a0 1962 Dokumentation [&hellip;]<\/p>\n","protected":false},"author":2,"featured_media":0,"parent":0,"menu_order":0,"comment_status":"closed","ping_status":"closed","template":"","meta":{"footnotes":""},"class_list":["post-840","page","type-page","status-publish","hentry"],"aioseo_notices":[],"_links":{"self":[{"href":"http:\/\/fotogruppe-bayreuth.de\/index.php\/wp-json\/wp\/v2\/pages\/840","targetHints":{"allow":["GET"]}}],"collection":[{"href":"http:\/\/fotogruppe-bayreuth.de\/index.php\/wp-json\/wp\/v2\/pages"}],"about":[{"href":"http:\/\/fotogruppe-bayreuth.de\/index.php\/wp-json\/wp\/v2\/types\/page"}],"author":[{"embeddable":true,"href":"http:\/\/fotogruppe-bayreuth.de\/index.php\/wp-json\/wp\/v2\/users\/2"}],"replies":[{"embeddable":true,"href":"http:\/\/fotogruppe-bayreuth.de\/index.php\/wp-json\/wp\/v2\/comments?post=840"}],"version-history":[{"count":2,"href":"http:\/\/fotogruppe-bayreuth.de\/index.php\/wp-json\/wp\/v2\/pages\/840\/revisions"}],"predecessor-version":[{"id":842,"href":"http:\/\/fotogruppe-bayreuth.de\/index.php\/wp-json\/wp\/v2\/pages\/840\/revisions\/842"}],"wp:attachment":[{"href":"http:\/\/fotogruppe-bayreuth.de\/index.php\/wp-json\/wp\/v2\/media?parent=840"}],"curies":[{"name":"wp","href":"https:\/\/api.w.org\/{rel}","templated":true}]}}