{"id":757,"date":"2017-03-19T19:48:43","date_gmt":"2017-03-19T18:48:43","guid":{"rendered":"http:\/\/fotogruppe-bayreuth.de\/?page_id=757"},"modified":"2017-03-19T19:48:43","modified_gmt":"2017-03-19T18:48:43","slug":"karl-friedrich-kuehner","status":"publish","type":"page","link":"http:\/\/fotogruppe-bayreuth.de\/index.php\/ueber-uns\/karl-friedrich-kuehner\/","title":{"rendered":"Karl Friedrich K\u00fchner"},"content":{"rendered":"<p><span style=\"font-family: Arial,sans-serif;\"><a href=\"http:\/\/fotogruppe-bayreuth.de\/wp-content\/uploads\/2017\/03\/image2Charly-0715.jpg\"><img loading=\"lazy\" decoding=\"async\" class=\"size-medium wp-image-759 alignright\" src=\"http:\/\/fotogruppe-bayreuth.de\/wp-content\/uploads\/2017\/03\/image2Charly-0715-191x300.jpg\" alt=\"\" width=\"191\" height=\"300\" srcset=\"http:\/\/fotogruppe-bayreuth.de\/wp-content\/uploads\/2017\/03\/image2Charly-0715-191x300.jpg 191w, http:\/\/fotogruppe-bayreuth.de\/wp-content\/uploads\/2017\/03\/image2Charly-0715-652x1024.jpg 652w, http:\/\/fotogruppe-bayreuth.de\/wp-content\/uploads\/2017\/03\/image2Charly-0715-127x200.jpg 127w, http:\/\/fotogruppe-bayreuth.de\/wp-content\/uploads\/2017\/03\/image2Charly-0715.jpg 686w\" sizes=\"auto, (max-width: 191px) 100vw, 191px\" \/><\/a>Fotografische Laufbahn<\/span><\/p>\n<p><span style=\"font-family: Arial,sans-serif;\">Neben meiner beruflichen T\u00e4tigkeit bei Aufbau und Verwaltung einer Universit\u00e4t hatte ich dort die M\u00f6glichkeit \u00fcber einige Jahrzehnte viele Entwicklungsschritte, Veranstaltungen und Ereignisse fotografisch zu begleiten und zu dokumentieren. <\/span><\/p>\n<p><span style=\"font-family: Arial,sans-serif;\">Das fotografische Spektrum umfasste dabei Landschaften, Architektur oder Kunstwerke ebenso wie Menschen in ihrem Studien-, Forschungs- und Arbeitsalltag sowie bei Sport, Musik und Festveranstaltungen. <\/span><\/p>\n<p><span style=\"font-family: Arial,sans-serif;\">Ausgew\u00e4hlte Fotos wurden in der Pressearbeit, in Dokumentationsb\u00e4nden und in Fotoausstellungen verwendet.<\/span><\/p>\n<p><span style=\"font-family: Arial,sans-serif;\">Mitglied der Freien Fotogruppe bin ich seit Anfang 2015. Vorher war ich mehr als zwei Jahrzehnte Mitglied im damaligen Fotoclub Bayreuth.<\/span><\/p>\n<p><span style=\"font-family: Arial,sans-serif;\">Arbeitsweise und Ausr\u00fcstung<\/span><\/p>\n<p><span style=\"font-family: Arial,sans-serif;\">Typisch f\u00fcr meine Personen- und Eventfotografie ist das Einfangen der jeweiligen Situation durch Auswahl von Standort und Blickwinkel \u2013 weniger typisch ist die bewusste Regief\u00fchrung und Einflussnahme auf Ausdruck, Gestik oder Zusammenwirken in Gruppe und Umfeld. <\/span><\/p>\n<p><span style=\"font-family: Arial,sans-serif;\">Je nach Einsatzfeld verwende ich die \u00fcblichen Brennweiten vom leichten Weitwinkel bis mittlerem Telebereich ( 20 mm bis 200 mm bei Kleinbildvollformat).<\/span><\/p>\n<p><span style=\"font-family: Arial,sans-serif;\">Weit \u00fcberwiegend arbeite ich wegen der h\u00f6heren Lichtst\u00e4rke und Bildqualit\u00e4t mit Festbrennweiten.<\/span><\/p>\n","protected":false},"excerpt":{"rendered":"<p>Fotografische Laufbahn Neben meiner beruflichen T\u00e4tigkeit bei Aufbau und Verwaltung einer Universit\u00e4t hatte ich dort die M\u00f6glichkeit \u00fcber einige Jahrzehnte viele Entwicklungsschritte, Veranstaltungen und Ereignisse fotografisch zu begleiten und zu dokumentieren. Das fotografische Spektrum umfasste dabei Landschaften, Architektur oder Kunstwerke ebenso wie Menschen in ihrem Studien-, Forschungs- und Arbeitsalltag sowie bei Sport, Musik und Festveranstaltungen. [&hellip;]<\/p>\n","protected":false},"author":4,"featured_media":0,"parent":2,"menu_order":0,"comment_status":"closed","ping_status":"closed","template":"","meta":{"footnotes":""},"class_list":["post-757","page","type-page","status-publish","hentry"],"aioseo_notices":[],"_links":{"self":[{"href":"http:\/\/fotogruppe-bayreuth.de\/index.php\/wp-json\/wp\/v2\/pages\/757","targetHints":{"allow":["GET"]}}],"collection":[{"href":"http:\/\/fotogruppe-bayreuth.de\/index.php\/wp-json\/wp\/v2\/pages"}],"about":[{"href":"http:\/\/fotogruppe-bayreuth.de\/index.php\/wp-json\/wp\/v2\/types\/page"}],"author":[{"embeddable":true,"href":"http:\/\/fotogruppe-bayreuth.de\/index.php\/wp-json\/wp\/v2\/users\/4"}],"replies":[{"embeddable":true,"href":"http:\/\/fotogruppe-bayreuth.de\/index.php\/wp-json\/wp\/v2\/comments?post=757"}],"version-history":[{"count":1,"href":"http:\/\/fotogruppe-bayreuth.de\/index.php\/wp-json\/wp\/v2\/pages\/757\/revisions"}],"predecessor-version":[{"id":760,"href":"http:\/\/fotogruppe-bayreuth.de\/index.php\/wp-json\/wp\/v2\/pages\/757\/revisions\/760"}],"up":[{"embeddable":true,"href":"http:\/\/fotogruppe-bayreuth.de\/index.php\/wp-json\/wp\/v2\/pages\/2"}],"wp:attachment":[{"href":"http:\/\/fotogruppe-bayreuth.de\/index.php\/wp-json\/wp\/v2\/media?parent=757"}],"curies":[{"name":"wp","href":"https:\/\/api.w.org\/{rel}","templated":true}]}}