{"id":7,"date":"2013-12-27T19:50:19","date_gmt":"2013-12-27T17:50:19","guid":{"rendered":"http:\/\/fotogruppe-bayreuth.de\/?page_id=7"},"modified":"2017-03-20T16:18:06","modified_gmt":"2017-03-20T15:18:06","slug":"mike-knorr","status":"publish","type":"page","link":"http:\/\/fotogruppe-bayreuth.de\/index.php\/ueber-uns\/mike-knorr\/","title":{"rendered":"Mike Knorr"},"content":{"rendered":"<p><a href=\"http:\/\/fotogruppe-bayreuth.de\/wp-content\/uploads\/2013\/12\/mike.jpg\"><img loading=\"lazy\" decoding=\"async\" class=\"alignright size-thumbnail wp-image-247\" src=\"http:\/\/fotogruppe-bayreuth.de\/wp-content\/uploads\/2013\/12\/mike-150x150.jpg\" alt=\"mike\" width=\"150\" height=\"150\" \/><\/a><strong>Name<\/strong><br \/>\nMichael Knorr<\/p>\n<p><strong>Fotografische Laufbahn <\/strong><\/p>\n<ul>\n<li>Fotografiere seit ca. 1975: Angefangen hat alles mit einer Kleinbild SLR Porst Compakt Reflex SP bis hinauf zur Nikon F90.<\/li>\n<li>Umstieg auf Mittelformat 1982: Zuerst kam die Mamija 645 &#8211; sch\u00f6n klein, aber nur 4,5x 6cm Negativformat &#8211; dann verbessert auf die RB67 &#8211; schon 6x7cm Negativformat.<\/li>\n<li>Eigene Entwicklung ab 1985: Ausr\u00fcstung: Rollei 6&#215;7 Farb-Vergr\u00f6\u00dferer und Thermafot-Durchlaufentwickler f\u00fcr den Farb-Prozess RA4 mit gesamten Zubeh\u00f6r f\u00fcr eine professionelle Dunkelkammertechnik.<br \/>\nEs folgten weiter: eine Hasselblad, die leider keinen integrierten Belichtungsmesser hatte. Zus\u00e4tzlich eine kleine Rollei 35.<\/li>\n<li>Umstieg auf Rollei SL 66SE wegen der intgrierten Belichtungsmessung und des Balkens. Leider alles schwer, deshalb dann die Mamija 7 &#8211; kompakt, aber trotzdem 6x7cm -immer noch schwer, dann endg\u00fcltiger Umstieg auf Kleinbild mit der Contax G wegen den hervorragenden Zeiss-Objektiven.<\/li>\n<li>Radikaler Schnitt ca 2005: Die ganze Entwicklungsausr\u00fcstung wurde weggeworfen, da sie keiner nicht einmal geschenkt haben wollte. Aufbau einer digitalen Bilddatenbank: Ich habe alle Negative und Dias gescannt &#8211; 70.000 Bilder \/ ca. 700 GB, ein Jahr Arbeit.<\/li>\n<li>Parallel Umstieg auf Digital: erste Digitale 5MP Sony V1, dann die Canon D 350 D, jetzt die D 50 erg\u00e4nzt 2016 mit der Fuji xt10.<\/li>\n<li>Eigener A3+ Druck ab 2007: Drucker Canon Pro 9000 MkII und geeichten Farbprofilen ICC&#8217;s.<\/li>\n<li>Seit 2007: Dozent f\u00fcr Fotografie bei der VHS, Fr\u00fchjahr und Herbst je mit 1-2 Einsteigerkursen und einem Fortgeschrittenem.<\/li>\n<\/ul>\n<p>Bin Mitglied bei 3 Fotoclubs. Lese ca. 5 Fotozeitschriften regelm\u00e4\u00dfig.<br \/>\n<strong><br \/>\nLieblings-Fotoausr\u00fcstung<\/strong><\/p>\n<ul>\n<li>Canon 1.8 85<\/li>\n<li>Fuji 1.4 35, 1.2 56, 2.0 90<\/li>\n<li>Kameras: Fuji XT10, Canon 50D &#8211; die Abbildungsleistung ist einfach super, die Kameras haben alles, was man braucht, und eben keinen Schnickschnack.<\/li>\n<\/ul>\n<p><strong>Lieblingsmotive<\/strong><br \/>\nStreetfotografie, gut beleuchtete Portraits, auch Anderes, aber grunds\u00e4tzlich nur authentisch-zur\u00fcckhaltend bis eher gar nicht bearbeitete Bilder -und wenn, dann nur bildverbessernd und nicht bildver\u00e4ndernd bearbeitet.<\/p>\n","protected":false},"excerpt":{"rendered":"<p>Name Michael Knorr Fotografische Laufbahn Fotografiere seit ca. 1975: Angefangen hat alles mit einer Kleinbild SLR Porst Compakt Reflex SP bis hinauf zur Nikon F90. Umstieg auf Mittelformat 1982: Zuerst kam die Mamija 645 &#8211; sch\u00f6n klein, aber nur 4,5x 6cm Negativformat &#8211; dann verbessert auf die RB67 &#8211; schon 6x7cm Negativformat. Eigene Entwicklung ab [&hellip;]<\/p>\n","protected":false},"author":1,"featured_media":0,"parent":2,"menu_order":0,"comment_status":"open","ping_status":"open","template":"","meta":{"footnotes":""},"class_list":["post-7","page","type-page","status-publish","hentry"],"aioseo_notices":[],"_links":{"self":[{"href":"http:\/\/fotogruppe-bayreuth.de\/index.php\/wp-json\/wp\/v2\/pages\/7","targetHints":{"allow":["GET"]}}],"collection":[{"href":"http:\/\/fotogruppe-bayreuth.de\/index.php\/wp-json\/wp\/v2\/pages"}],"about":[{"href":"http:\/\/fotogruppe-bayreuth.de\/index.php\/wp-json\/wp\/v2\/types\/page"}],"author":[{"embeddable":true,"href":"http:\/\/fotogruppe-bayreuth.de\/index.php\/wp-json\/wp\/v2\/users\/1"}],"replies":[{"embeddable":true,"href":"http:\/\/fotogruppe-bayreuth.de\/index.php\/wp-json\/wp\/v2\/comments?post=7"}],"version-history":[{"count":4,"href":"http:\/\/fotogruppe-bayreuth.de\/index.php\/wp-json\/wp\/v2\/pages\/7\/revisions"}],"predecessor-version":[{"id":795,"href":"http:\/\/fotogruppe-bayreuth.de\/index.php\/wp-json\/wp\/v2\/pages\/7\/revisions\/795"}],"up":[{"embeddable":true,"href":"http:\/\/fotogruppe-bayreuth.de\/index.php\/wp-json\/wp\/v2\/pages\/2"}],"wp:attachment":[{"href":"http:\/\/fotogruppe-bayreuth.de\/index.php\/wp-json\/wp\/v2\/media?parent=7"}],"curies":[{"name":"wp","href":"https:\/\/api.w.org\/{rel}","templated":true}]}}