{"id":626,"date":"2015-10-14T08:47:52","date_gmt":"2015-10-14T07:47:52","guid":{"rendered":"\/?page_id=626"},"modified":"2015-10-14T08:47:52","modified_gmt":"2015-10-14T07:47:52","slug":"thomas-eberlein","status":"publish","type":"page","link":"http:\/\/fotogruppe-bayreuth.de\/index.php\/ueber-uns\/thomas-eberlein\/","title":{"rendered":"Thomas Eberlein"},"content":{"rendered":"<p><strong>Name<\/strong><br \/>\nThomas Eberlein<\/p>\n<p><strong>Fotografische Laufbahn<\/strong><br \/>\nIch habe schon als 12- oder 13j\u00e4hriger angefangen, mit den technischen Spielzeugen meines Gro\u00dfvaters zu experimentieren. Das waren eine Super-8-Kamera + entsprechende Schneideausr\u00fcstung und eine Spiegelreflexkamera. Beides hat er mir gerne \u00fcberlassen, um mich damit auszuprobieren.<\/p>\n<p>Leider ist dieses Hobby nach einiger Zeit erstmal wieder im Sande verlaufen und hat einer anderen technischen Spielerei Raum gegeben: dem Computer. Die IT wurde nach einigen Umwegen auch mein Beruf.<\/p>\n<p>Irgendwann (so etwa 2004\/2005) bin ich zu der Erkenntnis gelangt, da\u00df beide Hobbys sich inzwischen hervorragend vereinen lassen.<\/p>\n<p>Meine zur Zeit bevorzugte Ausr\u00fcstung (Film und Foto):<br \/>\n&#8211; Nikon D3200<br \/>\n&#8211; Panasonic HDC SD99<br \/>\n&#8211; GoPro Hero 3+<\/p>\n<p><strong>Was ist typisch f\u00fcr deine Bilder?<\/strong><br \/>\nIch bin Hobbyfotograf und ein ambitionierter \u00dcberzeugungst\u00e4ter was kreative und experimentelle Fotographie angeht. Aktuell m\u00f6chte ich mich mehr in Richtung Personenfotographie weiter entwickeln. Die M\u00f6glichkeit hierzu bietet mir die Fotogruppe Bayreuth durch die regelm\u00e4ssig stattfindenden Modelshootings. Au\u00dferdem mache ich gerne immer mal wieder kleinere Filmprojekte (wie z. B. die Making-Of-Videos auf der Fotogruppenseite).<\/p>\n\n\t\t<style type=\"text\/css\">\n\t\t\t#gallery-1 {\n\t\t\t\tmargin: auto;\n\t\t\t}\n\t\t\t#gallery-1 .gallery-item {\n\t\t\t\tfloat: left;\n\t\t\t\tmargin-top: 10px;\n\t\t\t\ttext-align: center;\n\t\t\t\twidth: 33%;\n\t\t\t}\n\t\t\t#gallery-1 img {\n\t\t\t\tborder: 2px solid #cfcfcf;\n\t\t\t}\n\t\t\t#gallery-1 .gallery-caption {\n\t\t\t\tmargin-left: 0;\n\t\t\t}\n\t\t\t\/* see gallery_shortcode() in wp-includes\/media.php *\/\n\t\t<\/style>\n\t\t<div id='gallery-1' class='gallery galleryid-626 gallery-columns-3 gallery-size-thumbnail'><dl class='gallery-item'>\n\t\t\t<dt class='gallery-icon landscape'>\n\t\t\t\t<a title=\"DSC07125\" href='http:\/\/fotogruppe-bayreuth.de\/wp-content\/uploads\/2015\/10\/DSC07125.jpg'><img loading=\"lazy\" decoding=\"async\" width=\"150\" height=\"150\" src=\"http:\/\/fotogruppe-bayreuth.de\/wp-content\/uploads\/2015\/10\/DSC07125-150x150.jpg\" class=\"attachment-thumbnail size-thumbnail\" alt=\"\" \/><\/a>\n\t\t\t<\/dt><\/dl><dl class='gallery-item'>\n\t\t\t<dt class='gallery-icon landscape'>\n\t\t\t\t<a title=\"_DSC5591_Snapseed\" href='http:\/\/fotogruppe-bayreuth.de\/wp-content\/uploads\/2015\/10\/DSC5591_Snapseed.jpg'><img loading=\"lazy\" decoding=\"async\" width=\"150\" height=\"150\" src=\"http:\/\/fotogruppe-bayreuth.de\/wp-content\/uploads\/2015\/10\/DSC5591_Snapseed-150x150.jpg\" class=\"attachment-thumbnail size-thumbnail\" alt=\"\" \/><\/a>\n\t\t\t<\/dt><\/dl><dl class='gallery-item'>\n\t\t\t<dt class='gallery-icon landscape'>\n\t\t\t\t<a title=\"_DSC5624_Snapseed\" href='http:\/\/fotogruppe-bayreuth.de\/wp-content\/uploads\/2015\/10\/DSC5624_Snapseed.jpg'><img loading=\"lazy\" decoding=\"async\" width=\"150\" height=\"150\" src=\"http:\/\/fotogruppe-bayreuth.de\/wp-content\/uploads\/2015\/10\/DSC5624_Snapseed-150x150.jpg\" class=\"attachment-thumbnail size-thumbnail\" alt=\"\" \/><\/a>\n\t\t\t<\/dt><\/dl><br style=\"clear: both\" \/><dl class='gallery-item'>\n\t\t\t<dt class='gallery-icon landscape'>\n\t\t\t\t<a title=\"DSC_0171\" href='http:\/\/fotogruppe-bayreuth.de\/wp-content\/uploads\/2015\/10\/DSC_0171.jpg'><img loading=\"lazy\" decoding=\"async\" width=\"150\" height=\"150\" src=\"http:\/\/fotogruppe-bayreuth.de\/wp-content\/uploads\/2015\/10\/DSC_0171-150x150.jpg\" class=\"attachment-thumbnail size-thumbnail\" alt=\"\" \/><\/a>\n\t\t\t<\/dt><\/dl><dl class='gallery-item'>\n\t\t\t<dt class='gallery-icon landscape'>\n\t\t\t\t<a title=\"DSC_0673_Snapseed\" href='http:\/\/fotogruppe-bayreuth.de\/wp-content\/uploads\/2015\/10\/DSC_0673_Snapseed.jpg'><img loading=\"lazy\" decoding=\"async\" width=\"150\" height=\"150\" src=\"http:\/\/fotogruppe-bayreuth.de\/wp-content\/uploads\/2015\/10\/DSC_0673_Snapseed-150x150.jpg\" class=\"attachment-thumbnail size-thumbnail\" alt=\"\" srcset=\"http:\/\/fotogruppe-bayreuth.de\/wp-content\/uploads\/2015\/10\/DSC_0673_Snapseed-150x150.jpg 150w, http:\/\/fotogruppe-bayreuth.de\/wp-content\/uploads\/2015\/10\/DSC_0673_Snapseed-300x300.jpg 300w, http:\/\/fotogruppe-bayreuth.de\/wp-content\/uploads\/2015\/10\/DSC_0673_Snapseed-200x200.jpg 200w, http:\/\/fotogruppe-bayreuth.de\/wp-content\/uploads\/2015\/10\/DSC_0673_Snapseed.jpg 1000w\" sizes=\"auto, (max-width: 150px) 100vw, 150px\" \/><\/a>\n\t\t\t<\/dt><\/dl><dl class='gallery-item'>\n\t\t\t<dt class='gallery-icon portrait'>\n\t\t\t\t<a title=\"DSC_0689_Snapseed\" href='http:\/\/fotogruppe-bayreuth.de\/wp-content\/uploads\/2015\/10\/DSC_0689_Snapseed.jpg'><img loading=\"lazy\" decoding=\"async\" width=\"150\" height=\"150\" src=\"http:\/\/fotogruppe-bayreuth.de\/wp-content\/uploads\/2015\/10\/DSC_0689_Snapseed-150x150.jpg\" class=\"attachment-thumbnail size-thumbnail\" alt=\"\" \/><\/a>\n\t\t\t<\/dt><\/dl><br style=\"clear: both\" \/>\n\t\t<\/div>\n\n","protected":false},"excerpt":{"rendered":"<p>Name Thomas Eberlein Fotografische Laufbahn Ich habe schon als 12- oder 13j\u00e4hriger angefangen, mit den technischen Spielzeugen meines Gro\u00dfvaters zu experimentieren. Das waren eine Super-8-Kamera + entsprechende Schneideausr\u00fcstung und eine Spiegelreflexkamera. Beides hat er mir gerne \u00fcberlassen, um mich damit auszuprobieren. Leider ist dieses Hobby nach einiger Zeit erstmal wieder im Sande verlaufen und hat [&hellip;]<\/p>\n","protected":false},"author":1,"featured_media":0,"parent":2,"menu_order":0,"comment_status":"closed","ping_status":"closed","template":"","meta":{"footnotes":""},"class_list":["post-626","page","type-page","status-publish","hentry"],"aioseo_notices":[],"_links":{"self":[{"href":"http:\/\/fotogruppe-bayreuth.de\/index.php\/wp-json\/wp\/v2\/pages\/626","targetHints":{"allow":["GET"]}}],"collection":[{"href":"http:\/\/fotogruppe-bayreuth.de\/index.php\/wp-json\/wp\/v2\/pages"}],"about":[{"href":"http:\/\/fotogruppe-bayreuth.de\/index.php\/wp-json\/wp\/v2\/types\/page"}],"author":[{"embeddable":true,"href":"http:\/\/fotogruppe-bayreuth.de\/index.php\/wp-json\/wp\/v2\/users\/1"}],"replies":[{"embeddable":true,"href":"http:\/\/fotogruppe-bayreuth.de\/index.php\/wp-json\/wp\/v2\/comments?post=626"}],"version-history":[{"count":1,"href":"http:\/\/fotogruppe-bayreuth.de\/index.php\/wp-json\/wp\/v2\/pages\/626\/revisions"}],"predecessor-version":[{"id":633,"href":"http:\/\/fotogruppe-bayreuth.de\/index.php\/wp-json\/wp\/v2\/pages\/626\/revisions\/633"}],"up":[{"embeddable":true,"href":"http:\/\/fotogruppe-bayreuth.de\/index.php\/wp-json\/wp\/v2\/pages\/2"}],"wp:attachment":[{"href":"http:\/\/fotogruppe-bayreuth.de\/index.php\/wp-json\/wp\/v2\/media?parent=626"}],"curies":[{"name":"wp","href":"https:\/\/api.w.org\/{rel}","templated":true}]}}