{"id":13,"date":"2013-12-27T19:51:04","date_gmt":"2013-12-27T18:51:04","guid":{"rendered":"http:\/\/fotogruppe-bayreuth.de\/?page_id=13"},"modified":"2016-06-09T21:02:25","modified_gmt":"2016-06-09T20:02:25","slug":"infos-fuer-models","status":"publish","type":"page","link":"http:\/\/fotogruppe-bayreuth.de\/index.php\/infos-fuer-models\/","title":{"rendered":"Infos f\u00fcr Models"},"content":{"rendered":"<p>Wir sind die Fotogruppe Bayreuth und veranstalten j\u00e4hrlich 1-2 Modelshootings.<\/p>\n<p>Damit ihr einen Eindruck habt, wie so ein Shooting aussieht, hier ein Making-of-Video von 2015:<\/p>\n<p><a href=\"https:\/\/www.youtube.com\/watch?v=QSthnVBA-OQ&#038;feature=youtu.be\">https:\/\/www.youtube.com\/watch?v=QSthnVBA-OQ&amp;feature=youtu.be<\/a><\/p>\n<p><strong>Wer Interesse hat, als Model teilzunehmen, kann uns einfach eine E-Mail schicken und kommt dann auf den Infoverteiler f\u00fcr zuk\u00fcnftige Veranstaltungen.<\/strong><\/p>\n<p>Damit alles fair und ohne Missverst\u00e4ndnisse abl\u00e4uft, hier die Vereinbarungen, die wir schriftlich mit unseren Models fixieren:<\/p>\n<ul>\n<li>Das Model bekommt die Bilder eines jeden Fotografen, der es fotografiert hat, auf CD oder als Downloadlink.<\/li>\n<li>Die \u00dcbergabe ist in der Regel an einem kurz darauf folgendem Clubabend in der Gastst\u00e4dte \u201edie Laus\u201c oder im Kulturzentrum \u201eZentrum\u201c in Bayreuth. Dort gibt es dann auch eine Beamervorf\u00fchrung der sch\u00f6nsten Bilder und geselliges Beisammensein.<\/li>\n<li>Das Shooting ist f\u00fcr Model und Fotograf kostenlos.<\/li>\n<li>Die Rechte am Bild verbleiben beim Fotografen.<\/li>\n<li>Eine kommerzielle Nutzung der Bilder (z.B. Weiterverkauf) ist weder dem Fotografen noch dem Model erlaubt.<\/li>\n<li>Eine Ausstellung der Fotos f\u00fcr Veranstaltungen, Wettbewerbe oder Webseiten ist Fotograf und Model erlaubt &#8211; auch dann, wenn sich dadurch ggf. ein Folgeauftrag mit Bezahlung ergibt (z.B. eine Buchung f\u00fcr das Model).<\/li>\n<li>Nat\u00fcrlich ist dem Model sowie dem Fotografen auch der private Gebrauch der Fotos, online wie offline, erlaubt.<\/li>\n<li>Die Namensnennung des Models bzw. Fotografen erfolgt stets, au\u00dfer es ist konkret anders vereinbart.<\/li>\n<li>Vereinbarungen, die von diesen genannten Punkten abweichen, m\u00fcssen zwingend fr\u00fchzeitig vor dem Shooting, auf jeden Fall vor fester Zusage des Models, mit dem Fotografen bzw. der Fotogruppe besprochen werden.<\/li>\n<\/ul>\n<p><a href=\"http:\/\/fotogruppe-bayreuth.de\/wp-content\/uploads\/2016\/06\/Modelvertrag.pdf\">Unser Modelvertrag zum Ansehen (pdf)<\/a><\/p>\n<p>Ablauf der Planung:<\/p>\n<ul>\n<li>Per E-Mail werden alle interessierten Models angeschrieben und \u00fcber Ort, Datum und Art des Shootings informiert.<\/li>\n<li>Ziel der Shootings ist es, sch\u00f6ne Fotos zu machen.<\/li>\n<li>Fotografiert werden die Models in ganz normaler Bekleidung oder in &#8222;Kost\u00fcmen&#8220; wie Tracht (bitte vorher ank\u00fcndigen\/absprechen). Dessous- oder Aktfotos sind nicht das Ziel unserer Shootings.<\/li>\n<li>Die Teilnahme ist freiwillig.<\/li>\n<li>Eine feste Zusage ist dennoch n\u00f6tig, um das Event planen zu k\u00f6nnen.<\/li>\n<li>Absagen bitte fr\u00fchzeitig, d.h. sp\u00e4testens einige Tage vor dem Shooting, bekannt geben.<\/li>\n<li>Nach Zusage k\u00f6nnen Mitfahrgelegenheiten gebildet werden<\/li>\n<li>F\u00fcr Getr\u00e4nke sorgt die Fotogruppe.<\/li>\n<\/ul>\n<p>Tipps f\u00fcr Models:<\/p>\n<ul>\n<li>Kosmetikartikel, Haarb\u00fcrste, Fusselrolle usw. mitbringen<\/li>\n<li>verschiedene Outfits mitbringen<\/li>\n<li>Accessoires wie H\u00fcte, Ketten, Schaal, Tuch, F\u00e4cher usw. k\u00f6nnen mitgebracht werden<\/li>\n<li>Kleidung, die etwas schmutzig werden darf, einpacken, da eventuell an staubigen Orten oder der Natur fotografiert wird.<\/li>\n<li>Manchmal ist auch ein Campingstuhl oder eine Decke nicht verkehrt.<\/li>\n<li>Sofern eine Visagistin angek\u00fcndigt ist, kommt bitte ungeschminkt (au\u00dfer ihr wollt euch bewusst selbst schminken)<\/li>\n<\/ul>\n<p>Ablauf des Shootings:<\/p>\n<ul>\n<li>Begr\u00fc\u00dfung der Teilnehmer<\/li>\n<li>Unterschrift der oben genannten Vereinbarung von Models, sowie den Fotografen<\/li>\n<li>Besprechung der Teilbereiche des Gel\u00e4ndes; sch\u00f6ne Spots; gesperrte Bereiche; Sicherheitsbelehrung<\/li>\n<li>Jedes Model schreibt seinen Namen gro\u00df auf ein St\u00fcck Papier. Mit diesem in der Hand machen wir ein Gruppenfoto. So k\u00f6nnen wir sicherstellen, dass wir am Ende von jedem Model den Namen wissen und die Bilder richtig zuordnen k\u00f6nnen. \ud83d\ude09<\/li>\n<li>F\u00fcr Unf\u00e4lle haftet die Fotogruppe nicht. Es wird um Umsicht und Gefahrenvermeidung gebeten. Risiken gehen Fotograf und\/oder Model auf eigene Gefahr ein.<\/li>\n<li>In der Regel sind wir ein, manchmal zwei Fotografen per Model.<\/li>\n<li>Jeder Fotograf fotografiert anders. Damit die Models abwechslunsreiche Bilder haben, tauschen die Models ca. alle 45 min den Fotografen.<\/li>\n<\/ul>\n","protected":false},"excerpt":{"rendered":"<p>Wir sind die Fotogruppe Bayreuth und veranstalten j\u00e4hrlich 1-2 Modelshootings. Damit ihr einen Eindruck habt, wie so ein Shooting aussieht, hier ein Making-of-Video von 2015: Wer Interesse hat, als Model teilzunehmen, kann uns einfach eine E-Mail schicken und kommt dann auf den Infoverteiler f\u00fcr zuk\u00fcnftige Veranstaltungen. Damit alles fair und ohne Missverst\u00e4ndnisse abl\u00e4uft, hier die [&hellip;]<\/p>\n","protected":false},"author":1,"featured_media":0,"parent":0,"menu_order":30,"comment_status":"open","ping_status":"closed","template":"","meta":{"footnotes":""},"class_list":["post-13","page","type-page","status-publish","hentry"],"aioseo_notices":[],"_links":{"self":[{"href":"http:\/\/fotogruppe-bayreuth.de\/index.php\/wp-json\/wp\/v2\/pages\/13","targetHints":{"allow":["GET"]}}],"collection":[{"href":"http:\/\/fotogruppe-bayreuth.de\/index.php\/wp-json\/wp\/v2\/pages"}],"about":[{"href":"http:\/\/fotogruppe-bayreuth.de\/index.php\/wp-json\/wp\/v2\/types\/page"}],"author":[{"embeddable":true,"href":"http:\/\/fotogruppe-bayreuth.de\/index.php\/wp-json\/wp\/v2\/users\/1"}],"replies":[{"embeddable":true,"href":"http:\/\/fotogruppe-bayreuth.de\/index.php\/wp-json\/wp\/v2\/comments?post=13"}],"version-history":[{"count":8,"href":"http:\/\/fotogruppe-bayreuth.de\/index.php\/wp-json\/wp\/v2\/pages\/13\/revisions"}],"predecessor-version":[{"id":675,"href":"http:\/\/fotogruppe-bayreuth.de\/index.php\/wp-json\/wp\/v2\/pages\/13\/revisions\/675"}],"wp:attachment":[{"href":"http:\/\/fotogruppe-bayreuth.de\/index.php\/wp-json\/wp\/v2\/media?parent=13"}],"curies":[{"name":"wp","href":"https:\/\/api.w.org\/{rel}","templated":true}]}}