{"id":1040,"date":"2017-07-31T15:59:43","date_gmt":"2017-07-31T14:59:43","guid":{"rendered":"http:\/\/fotogruppe-bayreuth.de\/index.php\/?page_id=1040"},"modified":"2021-04-14T12:44:39","modified_gmt":"2021-04-14T11:44:39","slug":"bernd-koppe","status":"publish","type":"page","link":"http:\/\/fotogruppe-bayreuth.de\/index.php\/ueber-uns\/bernd-koppe\/","title":{"rendered":"Bernd Koppe"},"content":{"rendered":"<p><a href=\"http:\/\/fotogruppe-bayreuth.de\/wp-content\/uploads\/2017\/07\/2014-09-08-078.jpg\"><img loading=\"lazy\" decoding=\"async\" src=\"http:\/\/fotogruppe-bayreuth.de\/wp-content\/uploads\/2017\/07\/2014-09-08-078.jpg\" class=\"alignnone size-full wp-image-1041\" alt=\"\" width=\"394\" height=\"276\" srcset=\"http:\/\/fotogruppe-bayreuth.de\/wp-content\/uploads\/2017\/07\/2014-09-08-078.jpg 394w, http:\/\/fotogruppe-bayreuth.de\/wp-content\/uploads\/2017\/07\/2014-09-08-078-300x210.jpg 300w, http:\/\/fotogruppe-bayreuth.de\/wp-content\/uploads\/2017\/07\/2014-09-08-078-200x140.jpg 200w\" sizes=\"auto, (max-width: 394px) 100vw, 394px\" \/><\/a><\/p>\n<p>Bernd Koppe<\/p>\n<p>Die Fotografie ist eines meiner Hobbies. Ich freue mich \u00fcber sch\u00f6ne Bilder und tausche mich gern mit Gleichgesinnten aus.<br \/>\nAuch weil ich dazulernen wollte, bin ich 2015 zur Fotogruppe Bayreuth.<\/p>\n<p>Ich w\u00fcrde mich als Naturfreund bezeichnen. Dementsprechend versuche ich die Sch\u00f6nheiten und Besonderheiten der Natur auf meinen Bildern darzustellen. Mir gef\u00e4llt es auch, wenn man mit einem Foto etwas sichtbar machen kann, das man mit blo\u00dfem Auge nicht erkennt. Beispielsweise Mondkrater, Sternenhimmel, Blattl\u00e4use oder Facettenaugen von Insekten.<br \/>\nDaneben fotografiere ich gern Personen.<\/p>\n<p>Fotoausr\u00fcstung:<br \/>\nWegen der kompakten Gr\u00f6\u00dfe und weil sich gut Fremdobjektive adaptieren lassen, hab ich mich f\u00fcr die spiegellosen Kameras von Sony entschieden.<br \/>\nSony Alpha 7 Vollformat: Mit alten manuellen Objektiven. Insbesondere wegen Freistellung und Bildqualit\u00e4t bei schlechten Lichtverh\u00e4ltnissen<br \/>\nSony A5100: Vorwiegend unterwegs, wenn es auf Kompaktheit ankommt.<\/p>\n<p><a href=\"http:\/\/fotogruppe-bayreuth.de\/wp-content\/uploads\/2017\/07\/Bernd_2-1.jpg\"><img loading=\"lazy\" decoding=\"async\" src=\"http:\/\/fotogruppe-bayreuth.de\/wp-content\/uploads\/2017\/07\/Bernd_2-1-597x1024.jpg\" class=\"alignnone size-large wp-image-1045\" width=\"597\" height=\"1024\" alt=\"\" srcset=\"http:\/\/fotogruppe-bayreuth.de\/wp-content\/uploads\/2017\/07\/Bernd_2-1-597x1024.jpg 597w, http:\/\/fotogruppe-bayreuth.de\/wp-content\/uploads\/2017\/07\/Bernd_2-1-175x300.jpg 175w, http:\/\/fotogruppe-bayreuth.de\/wp-content\/uploads\/2017\/07\/Bernd_2-1-768x1317.jpg 768w, http:\/\/fotogruppe-bayreuth.de\/wp-content\/uploads\/2017\/07\/Bernd_2-1-117x200.jpg 117w, http:\/\/fotogruppe-bayreuth.de\/wp-content\/uploads\/2017\/07\/Bernd_2-1.jpg 1240w\" sizes=\"auto, (max-width: 597px) 100vw, 597px\" \/><\/a><\/p>\n","protected":false},"excerpt":{"rendered":"<p>Bernd Koppe Die Fotografie ist eines meiner Hobbies. Ich freue mich \u00fcber sch\u00f6ne Bilder und tausche mich gern mit Gleichgesinnten aus. Auch weil ich dazulernen wollte, bin ich 2015 zur Fotogruppe Bayreuth. Ich w\u00fcrde mich als Naturfreund bezeichnen. Dementsprechend versuche ich die Sch\u00f6nheiten und Besonderheiten der Natur auf meinen Bildern darzustellen. Mir gef\u00e4llt es auch, [&hellip;]<\/p>\n","protected":false},"author":4,"featured_media":0,"parent":2,"menu_order":0,"comment_status":"closed","ping_status":"closed","template":"","meta":{"footnotes":""},"class_list":["post-1040","page","type-page","status-publish","hentry"],"aioseo_notices":[],"_links":{"self":[{"href":"http:\/\/fotogruppe-bayreuth.de\/index.php\/wp-json\/wp\/v2\/pages\/1040","targetHints":{"allow":["GET"]}}],"collection":[{"href":"http:\/\/fotogruppe-bayreuth.de\/index.php\/wp-json\/wp\/v2\/pages"}],"about":[{"href":"http:\/\/fotogruppe-bayreuth.de\/index.php\/wp-json\/wp\/v2\/types\/page"}],"author":[{"embeddable":true,"href":"http:\/\/fotogruppe-bayreuth.de\/index.php\/wp-json\/wp\/v2\/users\/4"}],"replies":[{"embeddable":true,"href":"http:\/\/fotogruppe-bayreuth.de\/index.php\/wp-json\/wp\/v2\/comments?post=1040"}],"version-history":[{"count":2,"href":"http:\/\/fotogruppe-bayreuth.de\/index.php\/wp-json\/wp\/v2\/pages\/1040\/revisions"}],"predecessor-version":[{"id":1420,"href":"http:\/\/fotogruppe-bayreuth.de\/index.php\/wp-json\/wp\/v2\/pages\/1040\/revisions\/1420"}],"up":[{"embeddable":true,"href":"http:\/\/fotogruppe-bayreuth.de\/index.php\/wp-json\/wp\/v2\/pages\/2"}],"wp:attachment":[{"href":"http:\/\/fotogruppe-bayreuth.de\/index.php\/wp-json\/wp\/v2\/media?parent=1040"}],"curies":[{"name":"wp","href":"https:\/\/api.w.org\/{rel}","templated":true}]}}